{"id":1183,"date":"2013-03-07T16:12:02","date_gmt":"2013-03-07T14:12:02","guid":{"rendered":"http:\/\/anemi-zagori.gr\/fr\/maison-dhotes\/%ce%bc%ce%b1%ce%b3%ce%b5%cf%81%ce%b5%ce%b9%cf%8c-%ce%b1%ce%bd%ce%b5%ce%bc%ce%b7-%ce%b6%ce%b1%ce%b3%ce%bf%cf%81%ce%bf%cf%87%cf%89%cf%81%ce%b9%ce%b1\/"},"modified":"2017-07-30T13:57:23","modified_gmt":"2017-07-30T11:57:23","slug":"cuisine-hotel-zagori-grece","status":"publish","type":"page","link":"https:\/\/anemi-zagori.gr\/fr\/cuisine-hotel-zagori-grece\/","title":{"rendered":"Cuisine"},"content":{"rendered":"<p>[vc_row css_animation=\u00a0\u00bb\u00a0\u00bb row_type=\u00a0\u00bbrow\u00a0\u00bb use_row_as_full_screen_section=\u00a0\u00bbno\u00a0\u00bb type=\u00a0\u00bbgrid\u00a0\u00bb angled_section=\u00a0\u00bbno\u00a0\u00bb text_align=\u00a0\u00bbleft\u00a0\u00bb background_image_as_pattern=\u00a0\u00bbwithout_pattern\u00a0\u00bb][vc_column width=\u00a0\u00bb1\/6&Prime;][\/vc_column][vc_column width=\u00a0\u00bb2\/3&Prime;][vc_column_text]<span style=\"font-family: semplice; font-size: 20px;\">\u00a0COMME DANS TOUTE MAISON, LA CUISINE EST L\u2019\u00c2ME D\u2019AN\u00c9MI.<\/span><\/p>\n<p>&nbsp;<\/p>\n<p>Nous avons agrandi la cuisine, c\u2019est-\u00e0-dire la pi\u00e8ce o\u00f9 la famille faisait la cuisine, et avons construit, \u00e0 la place de l\u2019ancien, notre four \u00e0 bois avec des mat\u00e9riaux naturels, de l\u2019argile, de la terre, de la paille, selon la technique Cob.\u00a0Notre cuisine ouverte, avec son four et sa cuisini\u00e8re \u00e0 bois ESSE IRONHEART o\u00f9 des petits plats mijotent, est toujours pr\u00eate \u00e0 accueillir le visiteur.\u00a0Dans le m\u00eame espace, nous disposons \u00e9galement d\u2019un m\u00e9tier \u00e0 tisser o\u00f9 chacun peut s\u2019exercer apr\u00e8s un apprentissage de trois minutes.<br \/>\nSur de grandes tables monast\u00e8re de pin noir du pays (pinus negra), on mange, on boit, les conversations de quelques minutes peuvent devenir de longues discussions.\u00a0Dans notre auberge se trouve tout le n\u00e9cessaire pour la confection de confitures, de chutney ou bien de p\u00e2tes fra\u00eeches, ainsi que d\u2019autres ingr\u00e9dients qui permettent \u00e0 chacun de \u2019exp\u00e9rimenter. Des gouaches, des fusains, du papier \u00e0 dessin, ou de la laine vous permettront de faire vos premiers pas dans la confection de feutre \u00e0 partir de laine de mouton. Une paire de jumelles vous permettra de suivre les oiseaux depuis notre cour ou votre chambre, un t\u00e9lescope de regarder les \u00e9toiles (ou les avions !). Sont \u00e9galement \u00e0 votre disposition des imperm\u00e9ables et des parapluies, si vous avez envie de courir sous la pluie, un guide pour identifier les champignons sauvages et si vous avez oubli\u00e9 votre brosse \u00e0 dents, demandez, il est possible que nous en ayons une !\u00a0Notre mat\u00e9riau favori, la laine pour le feutre et le m\u00e9tier \u00e0 tisser, provient des moutons du pays et la tonte qui a lieu au mois de mai, est une f\u00eate qu\u2019il n\u2019est pas question de rater ! Bref, chaque saison \u00e0 Zagori rec\u00e8le un tas de choses qui embellissent la vie ! Et \u00e0 An\u00e9mi, nous voulons f\u00eater la vie ![\/vc_column_text][vc_empty_space][\/vc_column][vc_column width=\u00a0\u00bb1\/6&Prime;][\/vc_column][\/vc_row][vc_row css_animation=\u00a0\u00bb\u00a0\u00bb row_type=\u00a0\u00bbrow\u00a0\u00bb use_row_as_full_screen_section=\u00a0\u00bbno\u00a0\u00bb type=\u00a0\u00bbfull_width\u00a0\u00bb angled_section=\u00a0\u00bbno\u00a0\u00bb text_align=\u00a0\u00bbleft\u00a0\u00bb background_image_as_pattern=\u00a0\u00bbwithout_pattern\u00a0\u00bb][vc_column][vc_gallery type=\u00a0\u00bbimage_grid\u00a0\u00bb images=\u00a0\u00bb1970,1972,1968,1930,1954,1906,1818,1914,1896,1892,1874,1828&Prime; img_size=\u00a0\u00bb400X400&Prime; column_number=\u00a0\u00bb6&Prime; grayscale=\u00a0\u00bbno\u00a0\u00bb images_space=\u00a0\u00bbgallery_without_space\u00a0\u00bb][\/vc_column][\/vc_row]<\/p>\n","protected":false},"excerpt":{"rendered":"<p>[vc_row css_animation=\u00a0\u00bb\u00a0\u00bb row_type=\u00a0\u00bbrow\u00a0\u00bb use_row_as_full_screen_section=\u00a0\u00bbno\u00a0\u00bb type=\u00a0\u00bbgrid\u00a0\u00bb angled_section=\u00a0\u00bbno\u00a0\u00bb text_align=\u00a0\u00bbleft\u00a0\u00bb background_image_as_pattern=\u00a0\u00bbwithout_pattern\u00a0\u00bb][vc_column width=\u00a0\u00bb1\/6&Prime;][\/vc_column][vc_column width=\u00a0\u00bb2\/3&Prime;][vc_column_text]\u00a0COMME DANS TOUTE MAISON, LA CUISINE EST L\u2019\u00c2ME&#8230;<\/p>\n","protected":false},"author":1,"featured_media":0,"parent":0,"menu_order":0,"comment_status":"closed","ping_status":"closed","template":"full_width.php","meta":{"_monsterinsights_skip_tracking":false,"_monsterinsights_sitenote_active":false,"_monsterinsights_sitenote_note":"","_monsterinsights_sitenote_category":0,"footnotes":""},"class_list":["post-1183","page","type-page","status-publish","hentry"],"yoast_head":"<!-- This site is optimized with the Yoast SEO plugin v27.1.1 - https:\/\/yoast.com\/product\/yoast-seo-wordpress\/ -->\n<title>La cuisine de Anemi Guesthouse \u00e0 Zagori<\/title>\n<meta name=\"description\" content=\"La cuisine de Anemi Guesthouse \u00e0 Zagori en Gr\u00e8ce,comme dans toute maison, la cuisine est l\u2019\u00e2me d\u2019An\u00e9mi\" \/>\n<meta name=\"robots\" content=\"index, follow, max-snippet:-1, max-image-preview:large, max-video-preview:-1\" \/>\n<link rel=\"canonical\" href=\"https:\/\/anemi-zagori.gr\/fr\/cuisine-hotel-zagori-grece\/\" \/>\n<meta property=\"og:locale\" content=\"fr_FR\" \/>\n<meta property=\"og:type\" content=\"article\" \/>\n<meta property=\"og:title\" content=\"La cuisine de Anemi Guesthouse \u00e0 Zagori\" \/>\n<meta property=\"og:description\" content=\"La cuisine de Anemi Guesthouse \u00e0 Zagori en Gr\u00e8ce,comme dans toute maison, la cuisine est l\u2019\u00e2me d\u2019An\u00e9mi\" \/>\n<meta property=\"og:url\" content=\"https:\/\/anemi-zagori.gr\/fr\/cuisine-hotel-zagori-grece\/\" \/>\n<meta property=\"og:site_name\" content=\"Anemi Guesthouse \u00e0 Kato Pedina, r\u00e9gion de Zagori\" \/>\n<meta property=\"article:modified_time\" content=\"2017-07-30T11:57:23+00:00\" \/>\n<meta name=\"twitter:label1\" content=\"Dur\u00e9e de lecture estim\u00e9e\" \/>\n\t<meta name=\"twitter:data1\" content=\"2 minutes\" \/>\n<script type=\"application\/ld+json\" class=\"yoast-schema-graph\">{\"@context\":\"https:\/\/schema.org\",\"@graph\":[{\"@type\":\"WebPage\",\"@id\":\"https:\/\/anemi-zagori.gr\/fr\/cuisine-hotel-zagori-grece\/\",\"url\":\"https:\/\/anemi-zagori.gr\/fr\/cuisine-hotel-zagori-grece\/\",\"name\":\"La cuisine de Anemi Guesthouse \u00e0 Zagori\",\"isPartOf\":{\"@id\":\"https:\/\/anemi-zagori.gr\/#website\"},\"datePublished\":\"2013-03-07T14:12:02+00:00\",\"dateModified\":\"2017-07-30T11:57:23+00:00\",\"description\":\"La cuisine de Anemi Guesthouse \u00e0 Zagori en Gr\u00e8ce,comme dans toute maison, la cuisine est l\u2019\u00e2me d\u2019An\u00e9mi\",\"breadcrumb\":{\"@id\":\"https:\/\/anemi-zagori.gr\/fr\/cuisine-hotel-zagori-grece\/#breadcrumb\"},\"inLanguage\":\"fr-FR\",\"potentialAction\":[{\"@type\":\"ReadAction\",\"target\":[\"https:\/\/anemi-zagori.gr\/fr\/cuisine-hotel-zagori-grece\/\"]}]},{\"@type\":\"BreadcrumbList\",\"@id\":\"https:\/\/anemi-zagori.gr\/fr\/cuisine-hotel-zagori-grece\/#breadcrumb\",\"itemListElement\":[{\"@type\":\"ListItem\",\"position\":1,\"name\":\"Home\",\"item\":\"https:\/\/anemi-zagori.gr\/fr\/\"},{\"@type\":\"ListItem\",\"position\":2,\"name\":\"Cuisine\"}]},{\"@type\":\"WebSite\",\"@id\":\"https:\/\/anemi-zagori.gr\/#website\",\"url\":\"https:\/\/anemi-zagori.gr\/\",\"name\":\"Anemi Guesthouse \u00e0 Kato Pedina, r\u00e9gion de Zagori\",\"description\":\"~ Surplombant le plateau de Soudena ~\",\"potentialAction\":[{\"@type\":\"SearchAction\",\"target\":{\"@type\":\"EntryPoint\",\"urlTemplate\":\"https:\/\/anemi-zagori.gr\/?s={search_term_string}\"},\"query-input\":{\"@type\":\"PropertyValueSpecification\",\"valueRequired\":true,\"valueName\":\"search_term_string\"}}],\"inLanguage\":\"fr-FR\"}]}<\/script>\n<!-- \/ Yoast SEO plugin. -->","yoast_head_json":{"title":"La cuisine de Anemi Guesthouse \u00e0 Zagori","description":"La cuisine de Anemi Guesthouse \u00e0 Zagori en Gr\u00e8ce,comme dans toute maison, la cuisine est l\u2019\u00e2me d\u2019An\u00e9mi","robots":{"index":"index","follow":"follow","max-snippet":"max-snippet:-1","max-image-preview":"max-image-preview:large","max-video-preview":"max-video-preview:-1"},"canonical":"https:\/\/anemi-zagori.gr\/fr\/cuisine-hotel-zagori-grece\/","og_locale":"fr_FR","og_type":"article","og_title":"La cuisine de Anemi Guesthouse \u00e0 Zagori","og_description":"La cuisine de Anemi Guesthouse \u00e0 Zagori en Gr\u00e8ce,comme dans toute maison, la cuisine est l\u2019\u00e2me d\u2019An\u00e9mi","og_url":"https:\/\/anemi-zagori.gr\/fr\/cuisine-hotel-zagori-grece\/","og_site_name":"Anemi Guesthouse \u00e0 Kato Pedina, r\u00e9gion de Zagori","article_modified_time":"2017-07-30T11:57:23+00:00","twitter_misc":{"Dur\u00e9e de lecture estim\u00e9e":"2 minutes"},"schema":{"@context":"https:\/\/schema.org","@graph":[{"@type":"WebPage","@id":"https:\/\/anemi-zagori.gr\/fr\/cuisine-hotel-zagori-grece\/","url":"https:\/\/anemi-zagori.gr\/fr\/cuisine-hotel-zagori-grece\/","name":"La cuisine de Anemi Guesthouse \u00e0 Zagori","isPartOf":{"@id":"https:\/\/anemi-zagori.gr\/#website"},"datePublished":"2013-03-07T14:12:02+00:00","dateModified":"2017-07-30T11:57:23+00:00","description":"La cuisine de Anemi Guesthouse \u00e0 Zagori en Gr\u00e8ce,comme dans toute maison, la cuisine est l\u2019\u00e2me d\u2019An\u00e9mi","breadcrumb":{"@id":"https:\/\/anemi-zagori.gr\/fr\/cuisine-hotel-zagori-grece\/#breadcrumb"},"inLanguage":"fr-FR","potentialAction":[{"@type":"ReadAction","target":["https:\/\/anemi-zagori.gr\/fr\/cuisine-hotel-zagori-grece\/"]}]},{"@type":"BreadcrumbList","@id":"https:\/\/anemi-zagori.gr\/fr\/cuisine-hotel-zagori-grece\/#breadcrumb","itemListElement":[{"@type":"ListItem","position":1,"name":"Home","item":"https:\/\/anemi-zagori.gr\/fr\/"},{"@type":"ListItem","position":2,"name":"Cuisine"}]},{"@type":"WebSite","@id":"https:\/\/anemi-zagori.gr\/#website","url":"https:\/\/anemi-zagori.gr\/","name":"Anemi Guesthouse \u00e0 Kato Pedina, r\u00e9gion de Zagori","description":"~ Surplombant le plateau de Soudena ~","potentialAction":[{"@type":"SearchAction","target":{"@type":"EntryPoint","urlTemplate":"https:\/\/anemi-zagori.gr\/?s={search_term_string}"},"query-input":{"@type":"PropertyValueSpecification","valueRequired":true,"valueName":"search_term_string"}}],"inLanguage":"fr-FR"}]}},"_links":{"self":[{"href":"https:\/\/anemi-zagori.gr\/fr\/wp-json\/wp\/v2\/pages\/1183","targetHints":{"allow":["GET"]}}],"collection":[{"href":"https:\/\/anemi-zagori.gr\/fr\/wp-json\/wp\/v2\/pages"}],"about":[{"href":"https:\/\/anemi-zagori.gr\/fr\/wp-json\/wp\/v2\/types\/page"}],"author":[{"embeddable":true,"href":"https:\/\/anemi-zagori.gr\/fr\/wp-json\/wp\/v2\/users\/1"}],"replies":[{"embeddable":true,"href":"https:\/\/anemi-zagori.gr\/fr\/wp-json\/wp\/v2\/comments?post=1183"}],"version-history":[{"count":0,"href":"https:\/\/anemi-zagori.gr\/fr\/wp-json\/wp\/v2\/pages\/1183\/revisions"}],"wp:attachment":[{"href":"https:\/\/anemi-zagori.gr\/fr\/wp-json\/wp\/v2\/media?parent=1183"}],"curies":[{"name":"wp","href":"https:\/\/api.w.org\/{rel}","templated":true}]}}